

{"id":993,"date":"2021-03-15T21:42:53","date_gmt":"2021-03-15T19:42:53","guid":{"rendered":"https:\/\/www.kauneushoitolalisebeth.fi\/shop\/tuote\/baume-de-douche-reconfortant-200ml\/"},"modified":"2021-03-25T17:12:22","modified_gmt":"2021-03-25T15:12:22","slug":"baume-de-douche-reconfortant","status":"publish","type":"product","link":"https:\/\/www.kauneushoitolalisebeth.fi\/shop\/tuote\/baume-de-douche-reconfortant\/","title":{"rendered":"Baume De Douche R\u00e9confortant"},"content":{"rendered":"<p>Puhdistaa vartalon ihoa, j\u00e4tt\u00e4en kuitenkin iholle kosteutetun tunteen. <\/p>\n<p><strong>K\u00e4ytt\u00f6:<\/strong><br \/>\nLevit\u00e4 kostealle iholle, vaahdota ja huuhtele <\/p>\n<p>Myyntikoko: 200ml tuubi<\/p>\n","protected":false},"excerpt":{"rendered":"<p>Ravitseva puhdistustuote vartalolle<\/p>\n","protected":false},"featured_media":1174,"template":"","meta":{"_acf_changed":false,"site-sidebar-layout":"default","site-content-layout":"default","ast-site-content-layout":"default","site-content-style":"default","site-sidebar-style":"default","ast-global-header-display":"","ast-banner-title-visibility":"","ast-main-header-display":"","ast-hfb-above-header-display":"","ast-hfb-below-header-display":"","ast-hfb-mobile-header-display":"","site-post-title":"","ast-breadcrumbs-content":"","ast-featured-img":"","footer-sml-layout":"","theme-transparent-header-meta":"default","adv-header-id-meta":"","stick-header-meta":"","header-above-stick-meta":"","header-main-stick-meta":"","header-below-stick-meta":"","astra-migrate-meta-layouts":"default","ast-page-background-enabled":"default","ast-page-background-meta":{"desktop":{"background-color":"","background-image":"","background-repeat":"repeat","background-position":"center center","background-size":"auto","background-attachment":"scroll","background-type":"","background-media":"","overlay-type":"","overlay-color":"","overlay-opacity":"","overlay-gradient":""},"tablet":{"background-color":"","background-image":"","background-repeat":"repeat","background-position":"center center","background-size":"auto","background-attachment":"scroll","background-type":"","background-media":"","overlay-type":"","overlay-color":"","overlay-opacity":"","overlay-gradient":""},"mobile":{"background-color":"","background-image":"","background-repeat":"repeat","background-position":"center center","background-size":"auto","background-attachment":"scroll","background-type":"","background-media":"","overlay-type":"","overlay-color":"","overlay-opacity":"","overlay-gradient":""}},"ast-content-background-meta":{"desktop":{"background-color":"var(--ast-global-color-5)","background-image":"","background-repeat":"repeat","background-position":"center center","background-size":"auto","background-attachment":"scroll","background-type":"","background-media":"","overlay-type":"","overlay-color":"","overlay-opacity":"","overlay-gradient":""},"tablet":{"background-color":"var(--ast-global-color-5)","background-image":"","background-repeat":"repeat","background-position":"center center","background-size":"auto","background-attachment":"scroll","background-type":"","background-media":"","overlay-type":"","overlay-color":"","overlay-opacity":"","overlay-gradient":""},"mobile":{"background-color":"var(--ast-global-color-5)","background-image":"","background-repeat":"repeat","background-position":"center center","background-size":"auto","background-attachment":"scroll","background-type":"","background-media":"","overlay-type":"","overlay-color":"","overlay-opacity":"","overlay-gradient":""}}},"product_brand":[],"product_cat":[20],"product_tag":[49],"class_list":{"0":"post-993","1":"product","2":"type-product","3":"status-publish","4":"has-post-thumbnail","6":"product_cat-payot-vartalonhoitotuotteet","7":"product_tag-rituel-corps","8":"desktop-align-left","9":"tablet-align-left","10":"mobile-align-left","12":"first","13":"instock","14":"taxable","15":"shipping-taxable","16":"purchasable","17":"product-type-simple"},"acf":[],"yoast_head":"<!-- This site is optimized with the Yoast SEO plugin v26.4 - https:\/\/yoast.com\/wordpress\/plugins\/seo\/ -->\n<title>Baume De Douche R\u00e9confortant - Kauneushoitola Lisebeth<\/title>\n<meta name=\"robots\" content=\"noindex, follow, max-snippet:-1, max-image-preview:large, max-video-preview:-1\" \/>\n<meta property=\"og:locale\" content=\"fi_FI\" \/>\n<meta property=\"og:type\" content=\"article\" \/>\n<meta property=\"og:title\" content=\"Baume De Douche R\u00e9confortant - Kauneushoitola Lisebeth\" \/>\n<meta property=\"og:description\" content=\"Ravitseva puhdistustuote vartalolle\" \/>\n<meta property=\"og:url\" content=\"https:\/\/www.kauneushoitolalisebeth.fi\/shop\/tuote\/baume-de-douche-reconfortant\/\" \/>\n<meta property=\"og:site_name\" content=\"Kauneushoitola Lisebeth\" \/>\n<meta property=\"article:publisher\" content=\"https:\/\/www.facebook.com\/kauneushoitolalisebeth\/\" \/>\n<meta property=\"article:modified_time\" content=\"2021-03-25T15:12:22+00:00\" \/>\n<meta property=\"og:image\" content=\"https:\/\/www.kauneushoitolalisebeth.fi\/shop\/wp-content\/uploads\/2021\/03\/BAUME-DE-DOUCHE-RE\u0301CONFORTANT.jpeg\" \/>\n\t<meta property=\"og:image:width\" content=\"940\" \/>\n\t<meta property=\"og:image:height\" content=\"940\" \/>\n\t<meta property=\"og:image:type\" content=\"image\/jpeg\" \/>\n<meta name=\"twitter:card\" content=\"summary_large_image\" \/>\n<script type=\"application\/ld+json\" class=\"yoast-schema-graph\">{\"@context\":\"https:\/\/schema.org\",\"@graph\":[{\"@type\":\"WebPage\",\"@id\":\"https:\/\/www.kauneushoitolalisebeth.fi\/shop\/tuote\/baume-de-douche-reconfortant\/\",\"url\":\"https:\/\/www.kauneushoitolalisebeth.fi\/shop\/tuote\/baume-de-douche-reconfortant\/\",\"name\":\"Baume De Douche R\u00e9confortant - Kauneushoitola Lisebeth\",\"isPartOf\":{\"@id\":\"https:\/\/www.kauneushoitolalisebeth.fi\/shop\/#website\"},\"primaryImageOfPage\":{\"@id\":\"https:\/\/www.kauneushoitolalisebeth.fi\/shop\/tuote\/baume-de-douche-reconfortant\/#primaryimage\"},\"image\":{\"@id\":\"https:\/\/www.kauneushoitolalisebeth.fi\/shop\/tuote\/baume-de-douche-reconfortant\/#primaryimage\"},\"thumbnailUrl\":\"https:\/\/www.kauneushoitolalisebeth.fi\/shop\/wp-content\/uploads\/2021\/03\/BAUME-DE-DOUCHE-RE\u0301CONFORTANT.jpeg\",\"datePublished\":\"2021-03-15T19:42:53+00:00\",\"dateModified\":\"2021-03-25T15:12:22+00:00\",\"breadcrumb\":{\"@id\":\"https:\/\/www.kauneushoitolalisebeth.fi\/shop\/tuote\/baume-de-douche-reconfortant\/#breadcrumb\"},\"inLanguage\":\"fi\",\"potentialAction\":[{\"@type\":\"ReadAction\",\"target\":[\"https:\/\/www.kauneushoitolalisebeth.fi\/shop\/tuote\/baume-de-douche-reconfortant\/\"]}]},{\"@type\":\"ImageObject\",\"inLanguage\":\"fi\",\"@id\":\"https:\/\/www.kauneushoitolalisebeth.fi\/shop\/tuote\/baume-de-douche-reconfortant\/#primaryimage\",\"url\":\"https:\/\/www.kauneushoitolalisebeth.fi\/shop\/wp-content\/uploads\/2021\/03\/BAUME-DE-DOUCHE-RE\u0301CONFORTANT.jpeg\",\"contentUrl\":\"https:\/\/www.kauneushoitolalisebeth.fi\/shop\/wp-content\/uploads\/2021\/03\/BAUME-DE-DOUCHE-RE\u0301CONFORTANT.jpeg\",\"width\":940,\"height\":940},{\"@type\":\"BreadcrumbList\",\"@id\":\"https:\/\/www.kauneushoitolalisebeth.fi\/shop\/tuote\/baume-de-douche-reconfortant\/#breadcrumb\",\"itemListElement\":[{\"@type\":\"ListItem\",\"position\":1,\"name\":\"Home\",\"item\":\"https:\/\/www.kauneushoitolalisebeth.fi\/shop\/\"},{\"@type\":\"ListItem\",\"position\":2,\"name\":\"Kauppa\",\"item\":\"https:\/\/www.kauneushoitolalisebeth.fi\/shop\/\"},{\"@type\":\"ListItem\",\"position\":3,\"name\":\"Baume De Douche R\u00e9confortant\"}]},{\"@type\":\"WebSite\",\"@id\":\"https:\/\/www.kauneushoitolalisebeth.fi\/shop\/#website\",\"url\":\"https:\/\/www.kauneushoitolalisebeth.fi\/shop\/\",\"name\":\"Kauneushoitola Lisebeth\",\"description\":\"Tule hemmottelemaan itse\u00e4si\",\"publisher\":{\"@id\":\"https:\/\/www.kauneushoitolalisebeth.fi\/shop\/#organization\"},\"potentialAction\":[{\"@type\":\"SearchAction\",\"target\":{\"@type\":\"EntryPoint\",\"urlTemplate\":\"https:\/\/www.kauneushoitolalisebeth.fi\/shop\/?s={search_term_string}\"},\"query-input\":{\"@type\":\"PropertyValueSpecification\",\"valueRequired\":true,\"valueName\":\"search_term_string\"}}],\"inLanguage\":\"fi\"},{\"@type\":\"Organization\",\"@id\":\"https:\/\/www.kauneushoitolalisebeth.fi\/shop\/#organization\",\"name\":\"Kauneushoitola Lisebeth\",\"url\":\"https:\/\/www.kauneushoitolalisebeth.fi\/shop\/\",\"logo\":{\"@type\":\"ImageObject\",\"inLanguage\":\"fi\",\"@id\":\"https:\/\/www.kauneushoitolalisebeth.fi\/shop\/#\/schema\/logo\/image\/\",\"url\":\"https:\/\/www.kauneushoitolalisebeth.fi\/shop\/wp-content\/uploads\/2020\/02\/lisebeth_hakulogo.png\",\"contentUrl\":\"https:\/\/www.kauneushoitolalisebeth.fi\/shop\/wp-content\/uploads\/2020\/02\/lisebeth_hakulogo.png\",\"width\":1080,\"height\":1080,\"caption\":\"Kauneushoitola Lisebeth\"},\"image\":{\"@id\":\"https:\/\/www.kauneushoitolalisebeth.fi\/shop\/#\/schema\/logo\/image\/\"},\"sameAs\":[\"https:\/\/www.facebook.com\/kauneushoitolalisebeth\/\",\"https:\/\/www.instagram.com\/kauneushoitolalisebethshop\/\"]}]}<\/script>\n<!-- \/ Yoast SEO plugin. -->","yoast_head_json":{"title":"Baume De Douche R\u00e9confortant - Kauneushoitola Lisebeth","robots":{"index":"noindex","follow":"follow","max-snippet":"max-snippet:-1","max-image-preview":"max-image-preview:large","max-video-preview":"max-video-preview:-1"},"og_locale":"fi_FI","og_type":"article","og_title":"Baume De Douche R\u00e9confortant - Kauneushoitola Lisebeth","og_description":"Ravitseva puhdistustuote vartalolle","og_url":"https:\/\/www.kauneushoitolalisebeth.fi\/shop\/tuote\/baume-de-douche-reconfortant\/","og_site_name":"Kauneushoitola Lisebeth","article_publisher":"https:\/\/www.facebook.com\/kauneushoitolalisebeth\/","article_modified_time":"2021-03-25T15:12:22+00:00","og_image":[{"width":940,"height":940,"url":"https:\/\/www.kauneushoitolalisebeth.fi\/shop\/wp-content\/uploads\/2021\/03\/BAUME-DE-DOUCHE-RE\u0301CONFORTANT.jpeg","type":"image\/jpeg"}],"twitter_card":"summary_large_image","schema":{"@context":"https:\/\/schema.org","@graph":[{"@type":"WebPage","@id":"https:\/\/www.kauneushoitolalisebeth.fi\/shop\/tuote\/baume-de-douche-reconfortant\/","url":"https:\/\/www.kauneushoitolalisebeth.fi\/shop\/tuote\/baume-de-douche-reconfortant\/","name":"Baume De Douche R\u00e9confortant - Kauneushoitola Lisebeth","isPartOf":{"@id":"https:\/\/www.kauneushoitolalisebeth.fi\/shop\/#website"},"primaryImageOfPage":{"@id":"https:\/\/www.kauneushoitolalisebeth.fi\/shop\/tuote\/baume-de-douche-reconfortant\/#primaryimage"},"image":{"@id":"https:\/\/www.kauneushoitolalisebeth.fi\/shop\/tuote\/baume-de-douche-reconfortant\/#primaryimage"},"thumbnailUrl":"https:\/\/www.kauneushoitolalisebeth.fi\/shop\/wp-content\/uploads\/2021\/03\/BAUME-DE-DOUCHE-RE\u0301CONFORTANT.jpeg","datePublished":"2021-03-15T19:42:53+00:00","dateModified":"2021-03-25T15:12:22+00:00","breadcrumb":{"@id":"https:\/\/www.kauneushoitolalisebeth.fi\/shop\/tuote\/baume-de-douche-reconfortant\/#breadcrumb"},"inLanguage":"fi","potentialAction":[{"@type":"ReadAction","target":["https:\/\/www.kauneushoitolalisebeth.fi\/shop\/tuote\/baume-de-douche-reconfortant\/"]}]},{"@type":"ImageObject","inLanguage":"fi","@id":"https:\/\/www.kauneushoitolalisebeth.fi\/shop\/tuote\/baume-de-douche-reconfortant\/#primaryimage","url":"https:\/\/www.kauneushoitolalisebeth.fi\/shop\/wp-content\/uploads\/2021\/03\/BAUME-DE-DOUCHE-RE\u0301CONFORTANT.jpeg","contentUrl":"https:\/\/www.kauneushoitolalisebeth.fi\/shop\/wp-content\/uploads\/2021\/03\/BAUME-DE-DOUCHE-RE\u0301CONFORTANT.jpeg","width":940,"height":940},{"@type":"BreadcrumbList","@id":"https:\/\/www.kauneushoitolalisebeth.fi\/shop\/tuote\/baume-de-douche-reconfortant\/#breadcrumb","itemListElement":[{"@type":"ListItem","position":1,"name":"Home","item":"https:\/\/www.kauneushoitolalisebeth.fi\/shop\/"},{"@type":"ListItem","position":2,"name":"Kauppa","item":"https:\/\/www.kauneushoitolalisebeth.fi\/shop\/"},{"@type":"ListItem","position":3,"name":"Baume De Douche R\u00e9confortant"}]},{"@type":"WebSite","@id":"https:\/\/www.kauneushoitolalisebeth.fi\/shop\/#website","url":"https:\/\/www.kauneushoitolalisebeth.fi\/shop\/","name":"Kauneushoitola Lisebeth","description":"Tule hemmottelemaan itse\u00e4si","publisher":{"@id":"https:\/\/www.kauneushoitolalisebeth.fi\/shop\/#organization"},"potentialAction":[{"@type":"SearchAction","target":{"@type":"EntryPoint","urlTemplate":"https:\/\/www.kauneushoitolalisebeth.fi\/shop\/?s={search_term_string}"},"query-input":{"@type":"PropertyValueSpecification","valueRequired":true,"valueName":"search_term_string"}}],"inLanguage":"fi"},{"@type":"Organization","@id":"https:\/\/www.kauneushoitolalisebeth.fi\/shop\/#organization","name":"Kauneushoitola Lisebeth","url":"https:\/\/www.kauneushoitolalisebeth.fi\/shop\/","logo":{"@type":"ImageObject","inLanguage":"fi","@id":"https:\/\/www.kauneushoitolalisebeth.fi\/shop\/#\/schema\/logo\/image\/","url":"https:\/\/www.kauneushoitolalisebeth.fi\/shop\/wp-content\/uploads\/2020\/02\/lisebeth_hakulogo.png","contentUrl":"https:\/\/www.kauneushoitolalisebeth.fi\/shop\/wp-content\/uploads\/2020\/02\/lisebeth_hakulogo.png","width":1080,"height":1080,"caption":"Kauneushoitola Lisebeth"},"image":{"@id":"https:\/\/www.kauneushoitolalisebeth.fi\/shop\/#\/schema\/logo\/image\/"},"sameAs":["https:\/\/www.facebook.com\/kauneushoitolalisebeth\/","https:\/\/www.instagram.com\/kauneushoitolalisebethshop\/"]}]}},"jetpack_sharing_enabled":true,"_links":{"self":[{"href":"https:\/\/www.kauneushoitolalisebeth.fi\/shop\/wp-json\/wp\/v2\/product\/993","targetHints":{"allow":["GET"]}}],"collection":[{"href":"https:\/\/www.kauneushoitolalisebeth.fi\/shop\/wp-json\/wp\/v2\/product"}],"about":[{"href":"https:\/\/www.kauneushoitolalisebeth.fi\/shop\/wp-json\/wp\/v2\/types\/product"}],"wp:featuredmedia":[{"embeddable":true,"href":"https:\/\/www.kauneushoitolalisebeth.fi\/shop\/wp-json\/wp\/v2\/media\/1174"}],"wp:attachment":[{"href":"https:\/\/www.kauneushoitolalisebeth.fi\/shop\/wp-json\/wp\/v2\/media?parent=993"}],"wp:term":[{"taxonomy":"product_brand","embeddable":true,"href":"https:\/\/www.kauneushoitolalisebeth.fi\/shop\/wp-json\/wp\/v2\/product_brand?post=993"},{"taxonomy":"product_cat","embeddable":true,"href":"https:\/\/www.kauneushoitolalisebeth.fi\/shop\/wp-json\/wp\/v2\/product_cat?post=993"},{"taxonomy":"product_tag","embeddable":true,"href":"https:\/\/www.kauneushoitolalisebeth.fi\/shop\/wp-json\/wp\/v2\/product_tag?post=993"}],"curies":[{"name":"wp","href":"https:\/\/api.w.org\/{rel}","templated":true}]}}