

{"id":977,"date":"2021-03-15T21:42:48","date_gmt":"2021-03-15T19:42:48","guid":{"rendered":"https:\/\/www.kauneushoitolalisebeth.fi\/shop\/tuote\/iqueen-ccc-cream\/"},"modified":"2025-10-10T16:49:02","modified_gmt":"2025-10-10T13:49:02","slug":"iqueen-ccc-cream","status":"publish","type":"product","link":"https:\/\/www.kauneushoitolalisebeth.fi\/shop\/tuote\/iqueen-ccc-cream\/","title":{"rendered":"QEN CCC Cream"},"content":{"rendered":"<p>CCC Creamiss\u00e4 yhdistyv\u00e4t usean tuotteen hy\u00f6dyt. CCC Cream kosteuttaa, peitt\u00e4\u00e4, heleytt\u00e4\u00e4 ja antaa tehokkaan aukinkosuojan SPF 50. Tuloksena on virheet\u00f6n, mattapintainen ja hehkuva ihon.V\u00e4ripigmentit on kapseloitu, joten ne eiv\u00e4t p\u00e4\u00e4se sekoittumaan tuotteen ihonhoitoraaka-aineisiin ja n\u00e4in ollen est\u00e4\u00e4 hapettumista. T\u00e4m\u00e4n vuoksi tuotteessa on pitk\u00e4 k\u00e4ytt\u00f6ik\u00e4 (PAO12). CCC Cream on ensin valkoinen, mutta hierottaessa ihoon, kapselit rikkoontuvat ja vapautuneet v\u00e4ripigmentit antavat tuotteelle s\u00e4vyn. Kolme eri s\u00e4vy\u00e4. Tuoteen s\u00e4vy muokkaantuu ihon oman s\u00e4vyn mukaan.<\/p>\n","protected":false},"excerpt":{"rendered":"<p>CCC Cream Change &amp; Color Control Cream<\/p>\n<p>CCC = paranneltu BB-voide<br \/>\nCCC = meikkivoide + ihonhoitovoide<br \/>\nCCC = All-in-one Makeup &amp; Skin Care<\/p>\n","protected":false},"featured_media":0,"template":"","meta":{"_acf_changed":false,"site-sidebar-layout":"default","site-content-layout":"default","ast-site-content-layout":"default","site-content-style":"default","site-sidebar-style":"default","ast-global-header-display":"","ast-banner-title-visibility":"","ast-main-header-display":"","ast-hfb-above-header-display":"","ast-hfb-below-header-display":"","ast-hfb-mobile-header-display":"","site-post-title":"","ast-breadcrumbs-content":"","ast-featured-img":"","footer-sml-layout":"","theme-transparent-header-meta":"default","adv-header-id-meta":"","stick-header-meta":"","header-above-stick-meta":"","header-main-stick-meta":"","header-below-stick-meta":"","astra-migrate-meta-layouts":"default","ast-page-background-enabled":"default","ast-page-background-meta":{"desktop":{"background-color":"","background-image":"","background-repeat":"repeat","background-position":"center center","background-size":"auto","background-attachment":"scroll","background-type":"","background-media":"","overlay-type":"","overlay-color":"","overlay-opacity":"","overlay-gradient":""},"tablet":{"background-color":"","background-image":"","background-repeat":"repeat","background-position":"center center","background-size":"auto","background-attachment":"scroll","background-type":"","background-media":"","overlay-type":"","overlay-color":"","overlay-opacity":"","overlay-gradient":""},"mobile":{"background-color":"","background-image":"","background-repeat":"repeat","background-position":"center center","background-size":"auto","background-attachment":"scroll","background-type":"","background-media":"","overlay-type":"","overlay-color":"","overlay-opacity":"","overlay-gradient":""}},"ast-content-background-meta":{"desktop":{"background-color":"var(--ast-global-color-5)","background-image":"","background-repeat":"repeat","background-position":"center center","background-size":"auto","background-attachment":"scroll","background-type":"","background-media":"","overlay-type":"","overlay-color":"","overlay-opacity":"","overlay-gradient":""},"tablet":{"background-color":"var(--ast-global-color-5)","background-image":"","background-repeat":"repeat","background-position":"center center","background-size":"auto","background-attachment":"scroll","background-type":"","background-media":"","overlay-type":"","overlay-color":"","overlay-opacity":"","overlay-gradient":""},"mobile":{"background-color":"var(--ast-global-color-5)","background-image":"","background-repeat":"repeat","background-position":"center center","background-size":"auto","background-attachment":"scroll","background-type":"","background-media":"","overlay-type":"","overlay-color":"","overlay-opacity":"","overlay-gradient":""}}},"product_brand":[],"product_cat":[19],"product_tag":[],"class_list":{"0":"post-977","1":"product","2":"type-product","3":"status-publish","5":"product_cat-kaikkea-pienta-ihanaa","6":"desktop-align-left","7":"tablet-align-left","8":"mobile-align-left","10":"first","11":"onbackorder","12":"taxable","13":"shipping-taxable","14":"purchasable","15":"product-type-variable"},"acf":[],"yoast_head":"<!-- This site is optimized with the Yoast SEO plugin v26.4 - https:\/\/yoast.com\/wordpress\/plugins\/seo\/ -->\n<title>QEN CCC Cream - Kauneushoitola Lisebeth<\/title>\n<meta name=\"robots\" content=\"noindex, follow, max-snippet:-1, max-image-preview:large, max-video-preview:-1\" \/>\n<meta property=\"og:locale\" content=\"fi_FI\" \/>\n<meta property=\"og:type\" content=\"article\" \/>\n<meta property=\"og:title\" content=\"QEN CCC Cream - Kauneushoitola Lisebeth\" \/>\n<meta property=\"og:description\" content=\"CCC Cream Change &amp; Color Control Cream  CCC = paranneltu BB-voide CCC = meikkivoide + ihonhoitovoide CCC = All-in-one Makeup &amp; Skin Care\" \/>\n<meta property=\"og:url\" content=\"https:\/\/www.kauneushoitolalisebeth.fi\/shop\/tuote\/iqueen-ccc-cream\/\" \/>\n<meta property=\"og:site_name\" content=\"Kauneushoitola Lisebeth\" \/>\n<meta property=\"article:publisher\" content=\"https:\/\/www.facebook.com\/kauneushoitolalisebeth\/\" \/>\n<meta property=\"article:modified_time\" content=\"2025-10-10T13:49:02+00:00\" \/>\n<meta name=\"twitter:card\" content=\"summary_large_image\" \/>\n<script type=\"application\/ld+json\" class=\"yoast-schema-graph\">{\"@context\":\"https:\/\/schema.org\",\"@graph\":[{\"@type\":\"WebPage\",\"@id\":\"https:\/\/www.kauneushoitolalisebeth.fi\/shop\/tuote\/iqueen-ccc-cream\/\",\"url\":\"https:\/\/www.kauneushoitolalisebeth.fi\/shop\/tuote\/iqueen-ccc-cream\/\",\"name\":\"QEN CCC Cream - Kauneushoitola Lisebeth\",\"isPartOf\":{\"@id\":\"https:\/\/www.kauneushoitolalisebeth.fi\/shop\/#website\"},\"datePublished\":\"2021-03-15T19:42:48+00:00\",\"dateModified\":\"2025-10-10T13:49:02+00:00\",\"breadcrumb\":{\"@id\":\"https:\/\/www.kauneushoitolalisebeth.fi\/shop\/tuote\/iqueen-ccc-cream\/#breadcrumb\"},\"inLanguage\":\"fi\",\"potentialAction\":[{\"@type\":\"ReadAction\",\"target\":[\"https:\/\/www.kauneushoitolalisebeth.fi\/shop\/tuote\/iqueen-ccc-cream\/\"]}]},{\"@type\":\"BreadcrumbList\",\"@id\":\"https:\/\/www.kauneushoitolalisebeth.fi\/shop\/tuote\/iqueen-ccc-cream\/#breadcrumb\",\"itemListElement\":[{\"@type\":\"ListItem\",\"position\":1,\"name\":\"Home\",\"item\":\"https:\/\/www.kauneushoitolalisebeth.fi\/shop\/\"},{\"@type\":\"ListItem\",\"position\":2,\"name\":\"Kauppa\",\"item\":\"https:\/\/www.kauneushoitolalisebeth.fi\/shop\/\"},{\"@type\":\"ListItem\",\"position\":3,\"name\":\"QEN CCC Cream\"}]},{\"@type\":\"WebSite\",\"@id\":\"https:\/\/www.kauneushoitolalisebeth.fi\/shop\/#website\",\"url\":\"https:\/\/www.kauneushoitolalisebeth.fi\/shop\/\",\"name\":\"Kauneushoitola Lisebeth\",\"description\":\"Tule hemmottelemaan itse\u00e4si\",\"publisher\":{\"@id\":\"https:\/\/www.kauneushoitolalisebeth.fi\/shop\/#organization\"},\"potentialAction\":[{\"@type\":\"SearchAction\",\"target\":{\"@type\":\"EntryPoint\",\"urlTemplate\":\"https:\/\/www.kauneushoitolalisebeth.fi\/shop\/?s={search_term_string}\"},\"query-input\":{\"@type\":\"PropertyValueSpecification\",\"valueRequired\":true,\"valueName\":\"search_term_string\"}}],\"inLanguage\":\"fi\"},{\"@type\":\"Organization\",\"@id\":\"https:\/\/www.kauneushoitolalisebeth.fi\/shop\/#organization\",\"name\":\"Kauneushoitola Lisebeth\",\"url\":\"https:\/\/www.kauneushoitolalisebeth.fi\/shop\/\",\"logo\":{\"@type\":\"ImageObject\",\"inLanguage\":\"fi\",\"@id\":\"https:\/\/www.kauneushoitolalisebeth.fi\/shop\/#\/schema\/logo\/image\/\",\"url\":\"https:\/\/www.kauneushoitolalisebeth.fi\/shop\/wp-content\/uploads\/2020\/02\/lisebeth_hakulogo.png\",\"contentUrl\":\"https:\/\/www.kauneushoitolalisebeth.fi\/shop\/wp-content\/uploads\/2020\/02\/lisebeth_hakulogo.png\",\"width\":1080,\"height\":1080,\"caption\":\"Kauneushoitola Lisebeth\"},\"image\":{\"@id\":\"https:\/\/www.kauneushoitolalisebeth.fi\/shop\/#\/schema\/logo\/image\/\"},\"sameAs\":[\"https:\/\/www.facebook.com\/kauneushoitolalisebeth\/\",\"https:\/\/www.instagram.com\/kauneushoitolalisebethshop\/\"]}]}<\/script>\n<!-- \/ Yoast SEO plugin. -->","yoast_head_json":{"title":"QEN CCC Cream - Kauneushoitola Lisebeth","robots":{"index":"noindex","follow":"follow","max-snippet":"max-snippet:-1","max-image-preview":"max-image-preview:large","max-video-preview":"max-video-preview:-1"},"og_locale":"fi_FI","og_type":"article","og_title":"QEN CCC Cream - Kauneushoitola Lisebeth","og_description":"CCC Cream Change &amp; Color Control Cream  CCC = paranneltu BB-voide CCC = meikkivoide + ihonhoitovoide CCC = All-in-one Makeup &amp; Skin Care","og_url":"https:\/\/www.kauneushoitolalisebeth.fi\/shop\/tuote\/iqueen-ccc-cream\/","og_site_name":"Kauneushoitola Lisebeth","article_publisher":"https:\/\/www.facebook.com\/kauneushoitolalisebeth\/","article_modified_time":"2025-10-10T13:49:02+00:00","twitter_card":"summary_large_image","schema":{"@context":"https:\/\/schema.org","@graph":[{"@type":"WebPage","@id":"https:\/\/www.kauneushoitolalisebeth.fi\/shop\/tuote\/iqueen-ccc-cream\/","url":"https:\/\/www.kauneushoitolalisebeth.fi\/shop\/tuote\/iqueen-ccc-cream\/","name":"QEN CCC Cream - Kauneushoitola Lisebeth","isPartOf":{"@id":"https:\/\/www.kauneushoitolalisebeth.fi\/shop\/#website"},"datePublished":"2021-03-15T19:42:48+00:00","dateModified":"2025-10-10T13:49:02+00:00","breadcrumb":{"@id":"https:\/\/www.kauneushoitolalisebeth.fi\/shop\/tuote\/iqueen-ccc-cream\/#breadcrumb"},"inLanguage":"fi","potentialAction":[{"@type":"ReadAction","target":["https:\/\/www.kauneushoitolalisebeth.fi\/shop\/tuote\/iqueen-ccc-cream\/"]}]},{"@type":"BreadcrumbList","@id":"https:\/\/www.kauneushoitolalisebeth.fi\/shop\/tuote\/iqueen-ccc-cream\/#breadcrumb","itemListElement":[{"@type":"ListItem","position":1,"name":"Home","item":"https:\/\/www.kauneushoitolalisebeth.fi\/shop\/"},{"@type":"ListItem","position":2,"name":"Kauppa","item":"https:\/\/www.kauneushoitolalisebeth.fi\/shop\/"},{"@type":"ListItem","position":3,"name":"QEN CCC Cream"}]},{"@type":"WebSite","@id":"https:\/\/www.kauneushoitolalisebeth.fi\/shop\/#website","url":"https:\/\/www.kauneushoitolalisebeth.fi\/shop\/","name":"Kauneushoitola Lisebeth","description":"Tule hemmottelemaan itse\u00e4si","publisher":{"@id":"https:\/\/www.kauneushoitolalisebeth.fi\/shop\/#organization"},"potentialAction":[{"@type":"SearchAction","target":{"@type":"EntryPoint","urlTemplate":"https:\/\/www.kauneushoitolalisebeth.fi\/shop\/?s={search_term_string}"},"query-input":{"@type":"PropertyValueSpecification","valueRequired":true,"valueName":"search_term_string"}}],"inLanguage":"fi"},{"@type":"Organization","@id":"https:\/\/www.kauneushoitolalisebeth.fi\/shop\/#organization","name":"Kauneushoitola Lisebeth","url":"https:\/\/www.kauneushoitolalisebeth.fi\/shop\/","logo":{"@type":"ImageObject","inLanguage":"fi","@id":"https:\/\/www.kauneushoitolalisebeth.fi\/shop\/#\/schema\/logo\/image\/","url":"https:\/\/www.kauneushoitolalisebeth.fi\/shop\/wp-content\/uploads\/2020\/02\/lisebeth_hakulogo.png","contentUrl":"https:\/\/www.kauneushoitolalisebeth.fi\/shop\/wp-content\/uploads\/2020\/02\/lisebeth_hakulogo.png","width":1080,"height":1080,"caption":"Kauneushoitola Lisebeth"},"image":{"@id":"https:\/\/www.kauneushoitolalisebeth.fi\/shop\/#\/schema\/logo\/image\/"},"sameAs":["https:\/\/www.facebook.com\/kauneushoitolalisebeth\/","https:\/\/www.instagram.com\/kauneushoitolalisebethshop\/"]}]}},"jetpack_sharing_enabled":true,"_links":{"self":[{"href":"https:\/\/www.kauneushoitolalisebeth.fi\/shop\/wp-json\/wp\/v2\/product\/977","targetHints":{"allow":["GET"]}}],"collection":[{"href":"https:\/\/www.kauneushoitolalisebeth.fi\/shop\/wp-json\/wp\/v2\/product"}],"about":[{"href":"https:\/\/www.kauneushoitolalisebeth.fi\/shop\/wp-json\/wp\/v2\/types\/product"}],"wp:attachment":[{"href":"https:\/\/www.kauneushoitolalisebeth.fi\/shop\/wp-json\/wp\/v2\/media?parent=977"}],"wp:term":[{"taxonomy":"product_brand","embeddable":true,"href":"https:\/\/www.kauneushoitolalisebeth.fi\/shop\/wp-json\/wp\/v2\/product_brand?post=977"},{"taxonomy":"product_cat","embeddable":true,"href":"https:\/\/www.kauneushoitolalisebeth.fi\/shop\/wp-json\/wp\/v2\/product_cat?post=977"},{"taxonomy":"product_tag","embeddable":true,"href":"https:\/\/www.kauneushoitolalisebeth.fi\/shop\/wp-json\/wp\/v2\/product_tag?post=977"}],"curies":[{"name":"wp","href":"https:\/\/api.w.org\/{rel}","templated":true}]}}